{"id":29,"date":"2011-02-06T17:38:28","date_gmt":"2011-02-06T15:38:28","guid":{"rendered":"http:\/\/www.yves-ostwald.de\/blog\/"},"modified":"2013-08-03T16:14:07","modified_gmt":"2013-08-03T14:14:07","slug":"impressum","status":"publish","type":"page","link":"http:\/\/www.yves-ostwald.de\/blog\/impressum\/","title":{"rendered":"Impressum"},"content":{"rendered":"<p>Daniel Yves Ostwald<br \/>\n45475 M\u00fclheim an der Ruhr<\/p>\n<p><strong>Kontakt<\/strong>: webmaster(at)yves-ostwald.de<\/p>\n<p><strong>Provider<\/strong><\/p>\n<p>STRATO AG<br \/>\nPascalstra\u00dfe 10<br \/>\n10587 Berlin<\/p>\n<p>Inhaltlich Verantwortlicher gem\u00e4\u00df \u00a7 10 Absatz 3 MDStV: Daniel Yves Ostwald<\/p>\n<p><strong>Haftungshinweis<\/strong>: Trotz sorgf\u00e4ltiger inhaltlicher Kontrolle \u00fcbernehme ich keine Haftung f\u00fcr die Inhalte externer Links. F\u00fcr den Inhalt der verlinkten Seiten sind ausschlie\u00dflich deren Betreiber verantwortlich. S\u00e4mtliche Verst\u00f6\u00dfe gegen geltendes Recht, Sitte oder Moral, welche mir zur Kenntnis gelangen, haben sofortige L\u00f6schung von Links, Eintr\u00e4gen, Grafiken oder \u00e4hnlichem zur Folge.<\/p>\n","protected":false},"excerpt":{"rendered":"<p>Daniel Yves Ostwald 45475 M\u00fclheim an der Ruhr Kontakt: webmaster(at)yves-ostwald.de Provider STRATO AG Pascalstra\u00dfe 10 10587 Berlin Inhaltlich Verantwortlicher gem\u00e4\u00df \u00a7 10 Absatz 3 MDStV: Daniel Yves Ostwald Haftungshinweis: Trotz sorgf\u00e4ltiger inhaltlicher Kontrolle \u00fcbernehme ich keine Haftung f\u00fcr die Inhalte externer Links. F\u00fcr den Inhalt der verlinkten Seiten sind ausschlie\u00dflich deren Betreiber verantwortlich. S\u00e4mtliche Verst\u00f6\u00dfe [&hellip;]<\/p>\n","protected":false},"author":1,"featured_media":0,"parent":0,"menu_order":0,"comment_status":"closed","ping_status":"closed","template":"","meta":{"ngg_post_thumbnail":0,"footnotes":""},"class_list":["post-29","page","type-page","status-publish","hentry"],"_links":{"self":[{"href":"http:\/\/www.yves-ostwald.de\/blog\/wp-json\/wp\/v2\/pages\/29","targetHints":{"allow":["GET"]}}],"collection":[{"href":"http:\/\/www.yves-ostwald.de\/blog\/wp-json\/wp\/v2\/pages"}],"about":[{"href":"http:\/\/www.yves-ostwald.de\/blog\/wp-json\/wp\/v2\/types\/page"}],"author":[{"embeddable":true,"href":"http:\/\/www.yves-ostwald.de\/blog\/wp-json\/wp\/v2\/users\/1"}],"replies":[{"embeddable":true,"href":"http:\/\/www.yves-ostwald.de\/blog\/wp-json\/wp\/v2\/comments?post=29"}],"version-history":[{"count":9,"href":"http:\/\/www.yves-ostwald.de\/blog\/wp-json\/wp\/v2\/pages\/29\/revisions"}],"predecessor-version":[{"id":108,"href":"http:\/\/www.yves-ostwald.de\/blog\/wp-json\/wp\/v2\/pages\/29\/revisions\/108"}],"wp:attachment":[{"href":"http:\/\/www.yves-ostwald.de\/blog\/wp-json\/wp\/v2\/media?parent=29"}],"curies":[{"name":"wp","href":"https:\/\/api.w.org\/{rel}","templated":true}]}}