{"id":25,"date":"2011-02-06T18:43:12","date_gmt":"2011-02-06T16:43:12","guid":{"rendered":"http:\/\/www.yves-ostwald.de\/blog\/"},"modified":"2018-07-15T21:05:34","modified_gmt":"2018-07-15T19:05:34","slug":"about","status":"publish","type":"page","link":"http:\/\/www.yves-ostwald.de\/blog\/about\/","title":{"rendered":"\u00dcber mich"},"content":{"rendered":"<p><a href=\"http:\/\/www.yves-ostwald.de\/blog\/wp-content\/uploads\/2016\/06\/Brockhaus-AG-Portraits-2015-Ostwald-Office-365.jpg\"><img loading=\"lazy\" decoding=\"async\" width=\"250\" height=\"250\" class=\"wp-image-110 alignleft\" style=\"margin-left: 10px; margin-right: 10px;\" alt=\"\" src=\"http:\/\/www.yves-ostwald.de\/blog\/wp-content\/uploads\/2016\/06\/Brockhaus-AG-Portraits-2015-Ostwald-Office-365.jpg\" srcset=\"http:\/\/www.yves-ostwald.de\/blog\/wp-content\/uploads\/2016\/06\/Brockhaus-AG-Portraits-2015-Ostwald-Office-365.jpg 2218w, http:\/\/www.yves-ostwald.de\/blog\/wp-content\/uploads\/2016\/06\/Brockhaus-AG-Portraits-2015-Ostwald-Office-365-150x150.jpg 150w, http:\/\/www.yves-ostwald.de\/blog\/wp-content\/uploads\/2016\/06\/Brockhaus-AG-Portraits-2015-Ostwald-Office-365-300x300.jpg 300w, http:\/\/www.yves-ostwald.de\/blog\/wp-content\/uploads\/2016\/06\/Brockhaus-AG-Portraits-2015-Ostwald-Office-365-768x768.jpg 768w, http:\/\/www.yves-ostwald.de\/blog\/wp-content\/uploads\/2016\/06\/Brockhaus-AG-Portraits-2015-Ostwald-Office-365-1024x1024.jpg 1024w\" sizes=\"auto, (max-width: 250px) 100vw, 250px\" \/><\/a><\/p>\n<p><span style=\"color: #000000; font-family: Calibri; font-size: medium;\">Daniel Yves Ostwald ist professioneller Application Designer, Microsoft Certified Professional und gro\u00dfer Sci-Fi Fan.<br \/>\nSeit 2010 arbeitet er f\u00fcr die <a href=\"https:\/\/Brockhaus-AG.de\" target=\"_blank\" rel=\"noopener\">BROCKHAUS AG<\/a> in L\u00fcnen (NRW) als IT-Berater.<\/span><\/p>\n<p><span style=\"color: #000000; font-family: Calibri; font-size: medium;\">Den ersten Kontakt zur IT hatte er im alter von 6 Jahren mit einem Amstrad Schneider CPC 464.<br \/>\nViel sp\u00e4ter folgten die ersten Gehversuche mit Sprachen wie: Assembler, Pascal, C, C++, PHP und Java. Letzten Endes war es dann das .NET Framework und C#, welche in Ihm die Leidenschaft zur Softwareentwicklung entfachten und Ihn bis heute begleiten.<\/span><\/p>\n<p><span style=\"color: #000000; font-family: Calibri; font-size: medium;\">In den letzten Jahren konnte er seine F\u00e4higkeiten als IT-Berater, Application Designer, Scrum Master und Developer Coach entwickeln und in Kundenprojekten einsetzen.<\/span><\/p>\n<p><span style=\"color: #000000; font-family: Calibri; font-size: medium;\">Vor allem die Arbeit als Developer Coach bereitet Ihm viel Freude.<br \/>\nEs ist die Begeisterung sein Wissen teilen zu k\u00f6nnen und anderen damit zu Helfen sich in der komplexen Welt der IT zurechtzufinden.<\/span><\/p>\n<table width=\"100%\">\n<tbody align=\"center\">\n<tr>\n<td><a href=\"http:\/\/www.yves-ostwald.de\/blog\/wp-content\/uploads\/2017\/10\/MS_Cert_Professional_logo_Blk_rgb.png\"><img loading=\"lazy\" decoding=\"async\" width=\"300\" height=\"200\" class=\"alignnone wp-image-215\" alt=\"\" src=\"http:\/\/www.yves-ostwald.de\/blog\/wp-content\/uploads\/2017\/10\/MS_Cert_Professional_logo_Blk_rgb.png\"><\/a><\/td>\n<td><a href=\"http:\/\/www.yves-ostwald.de\/blog\/wp-content\/uploads\/2017\/10\/Special_ProgHTML5_Blk.png\"><img loading=\"lazy\" decoding=\"async\" width=\"300\" height=\"227\" class=\"alignnone wp-image-216\" alt=\"\" src=\"http:\/\/www.yves-ostwald.de\/blog\/wp-content\/uploads\/2017\/10\/Special_ProgHTML5_Blk.png\"><\/a><\/td>\n<td><a href=\"http:\/\/www.yves-ostwald.de\/blog\/wp-content\/uploads\/2017\/10\/MCTS-NETFrame4WebApps-logo-BW-Kopie.png\"><img loading=\"lazy\" decoding=\"async\" width=\"300\" height=\"252\" class=\"alignnone wp-image-214\" alt=\"\" src=\"http:\/\/www.yves-ostwald.de\/blog\/wp-content\/uploads\/2017\/10\/MCTS-NETFrame4WebApps-logo-BW-Kopie.png\"><\/a><\/td>\n<\/tr>\n<tr>\n<td><a href=\"http:\/\/www.yves-ostwald.de\/blog\/wp-content\/uploads\/2017\/10\/MCSD_WebApp_Blk-Kopie.png\"><img loading=\"lazy\" decoding=\"async\" width=\"300\" height=\"237\" class=\"alignnone wp-image-213\" alt=\"\" src=\"http:\/\/www.yves-ostwald.de\/blog\/wp-content\/uploads\/2017\/10\/MCSD_WebApp_Blk-Kopie.png\"><\/a><\/td>\n<td><a href=\"http:\/\/www.yves-ostwald.de\/blog\/wp-content\/uploads\/2017\/10\/MCSD-App-Builder-logo-Blk-Kopie.png\"><img loading=\"lazy\" decoding=\"async\" width=\"300\" height=\"216\" class=\"alignnone wp-image-212\" alt=\"\" src=\"http:\/\/www.yves-ostwald.de\/blog\/wp-content\/uploads\/2017\/10\/MCSD-App-Builder-logo-Blk-Kopie.png\"><\/a><\/td>\n<td><a href=\"http:\/\/www.yves-ostwald.de\/blog\/wp-content\/uploads\/2017\/09\/CSMLogo.png\"><img loading=\"lazy\" decoding=\"async\" width=\"180\" height=\"158\" class=\" wp-image-183 aligncenter\" alt=\"\" src=\"http:\/\/www.yves-ostwald.de\/blog\/wp-content\/uploads\/2017\/09\/CSMLogo.png\"><\/a><\/td>\n<\/tr>\n<tr>\n<td><a href=\"http:\/\/www.yves-ostwald.de\/blog\/wp-content\/uploads\/2017\/10\/MCSA-WebApps-logo-Blk.png\"><img loading=\"lazy\" decoding=\"async\" width=\"300\" height=\"216\" class=\"alignnone wp-image-211\" alt=\"\" src=\"http:\/\/www.yves-ostwald.de\/blog\/wp-content\/uploads\/2017\/10\/MCSA-WebApps-logo-Blk.png\"><\/a><\/td>\n<td><a href=\"http:\/\/www.yves-ostwald.de\/blog\/wp-content\/uploads\/2018\/07\/kanbanlogo.png\"><img loading=\"lazy\" decoding=\"async\" src=\"http:\/\/www.yves-ostwald.de\/blog\/wp-content\/uploads\/2018\/07\/kanbanlogo.png\" alt=\"\" width=\"172\" height=\"178\" class=\"alignnone size-full wp-image-232\" \/><\/a><\/td>\n<td>&nbsp;<\/td>\n<\/tr>\n<\/tbody>\n<\/table>\n<p>&nbsp;<\/p>\n","protected":false},"excerpt":{"rendered":"<p>Daniel Yves Ostwald ist professioneller Application Designer, Microsoft Certified Professional und gro\u00dfer Sci-Fi Fan. Seit 2010 arbeitet er f\u00fcr die BROCKHAUS AG in L\u00fcnen (NRW) als IT-Berater. Den ersten Kontakt zur IT hatte er im alter von 6 Jahren mit einem Amstrad Schneider CPC 464. Viel sp\u00e4ter folgten die ersten Gehversuche mit Sprachen wie: Assembler, [&hellip;]<\/p>\n","protected":false},"author":1,"featured_media":0,"parent":0,"menu_order":0,"comment_status":"closed","ping_status":"open","template":"","meta":{"ngg_post_thumbnail":0,"footnotes":""},"class_list":["post-25","page","type-page","status-publish","hentry"],"_links":{"self":[{"href":"http:\/\/www.yves-ostwald.de\/blog\/wp-json\/wp\/v2\/pages\/25","targetHints":{"allow":["GET"]}}],"collection":[{"href":"http:\/\/www.yves-ostwald.de\/blog\/wp-json\/wp\/v2\/pages"}],"about":[{"href":"http:\/\/www.yves-ostwald.de\/blog\/wp-json\/wp\/v2\/types\/page"}],"author":[{"embeddable":true,"href":"http:\/\/www.yves-ostwald.de\/blog\/wp-json\/wp\/v2\/users\/1"}],"replies":[{"embeddable":true,"href":"http:\/\/www.yves-ostwald.de\/blog\/wp-json\/wp\/v2\/comments?post=25"}],"version-history":[{"count":18,"href":"http:\/\/www.yves-ostwald.de\/blog\/wp-json\/wp\/v2\/pages\/25\/revisions"}],"predecessor-version":[{"id":233,"href":"http:\/\/www.yves-ostwald.de\/blog\/wp-json\/wp\/v2\/pages\/25\/revisions\/233"}],"wp:attachment":[{"href":"http:\/\/www.yves-ostwald.de\/blog\/wp-json\/wp\/v2\/media?parent=25"}],"curies":[{"name":"wp","href":"https:\/\/api.w.org\/{rel}","templated":true}]}}