{"id":135,"date":"2017-08-29T15:02:19","date_gmt":"2017-08-29T13:02:19","guid":{"rendered":"http:\/\/www.yves-ostwald.de\/blog\/?page_id=135"},"modified":"2017-09-30T21:46:22","modified_gmt":"2017-09-30T19:46:22","slug":"literatur","status":"publish","type":"page","link":"http:\/\/www.yves-ostwald.de\/blog\/literatur\/","title":{"rendered":"Literatur"},"content":{"rendered":"<p>Zu jedem erdenklichem Thema gibt es Unmengen an Fachliteratur.<br \/>\nDabei ist nicht immer gleich zu erkennen f\u00fcr welche Zielgruppe ein Buch erdacht wurde.<\/p>\n<p>Einsteiger k\u00f6nnen schnell \u00fcberfordert sein oder erfahrene Entwickler unterfordert, da ihnen kaum etwas neues geboten wird. Letzten Endes muss jeder f\u00fcr sich entscheiden, welches Buch Ihm zusagt.&nbsp;<\/p>\n<p>Hier m\u00f6chte ich meine pers\u00f6nliche Literaturliste vorstellen. Es handelt sich dabei um B\u00fccher die ich selbst gelesen habe, oder gerade lese und jedem Entwickler empfehlen kann.<\/p>\n<p>Viel Spa\u00df!<\/p>\n<div class='bookshelf bookshelf-125' id='bookshelf-125' >\n<div><a href='https:\/\/openlibrary.org\/isbn\/0321125215' target='_blank'><img decoding=\"async\" src=\"https:\/\/images-na.ssl-images-amazon.com\/images\/P\/0321125215.jpg\" alt=\"\"><\/a><\/div>\n<div><a href='https:\/\/openlibrary.org\/isbn\/1935182501' target='_blank'><img decoding=\"async\" src=\"https:\/\/images-na.ssl-images-amazon.com\/images\/P\/1935182501.jpg\" alt=\"\"><\/a><\/div>\n<div><a href='https:\/\/openlibrary.org\/isbn\/1617290890' target='_blank'><img decoding=\"async\" src=\"https:\/\/images-na.ssl-images-amazon.com\/images\/P\/1617290890.jpg\" alt=\"\"><\/a><\/div>\n<div><a href='https:\/\/openlibrary.org\/isbn\/0201633612' target='_blank'><img decoding=\"async\" src=\"https:\/\/images-na.ssl-images-amazon.com\/images\/P\/0201633612.jpg\" alt=\"\"><\/a><\/div>\n<div><a href='https:\/\/openlibrary.org\/isbn\/0131177052' target='_blank'><img decoding=\"async\" src=\"https:\/\/images-na.ssl-images-amazon.com\/images\/P\/0131177052.jpg\" alt=\"\"><\/a><\/div>\n<div><a href='https:\/\/openlibrary.org\/isbn\/0132350882' target='_blank'><img decoding=\"async\" src=\"https:\/\/images-na.ssl-images-amazon.com\/images\/P\/0132350882.jpg\" alt=\"\"><\/a><\/div>\n<div><a href='https:\/\/openlibrary.org\/isbn\/0735685355' target='_blank'><img decoding=\"async\" src=\"https:\/\/images-na.ssl-images-amazon.com\/images\/P\/0735685355.jpg\" alt=\"\"><\/a><\/div>\n<div><a href='https:\/\/openlibrary.org\/isbn\/1491944838' target='_blank'><img decoding=\"async\" src=\"https:\/\/images-na.ssl-images-amazon.com\/images\/P\/1491944838.jpg\" alt=\"\"><\/a><\/div>\n<div><a href='https:\/\/openlibrary.org\/isbn\/0134494164' target='_blank'><img decoding=\"async\" src=\"https:\/\/images-na.ssl-images-amazon.com\/images\/P\/0134494164.jpg\" alt=\"\"><\/a><\/div>\n<div><a href='https:\/\/openlibrary.org\/isbn\/3446450521' target='_blank'><img decoding=\"async\" src=\"https:\/\/images-na.ssl-images-amazon.com\/images\/P\/3446450521.jpg\" alt=\"\"><\/a><\/div>\n<div><a href='https:\/\/openlibrary.org\/isbn\/1491950358' target='_blank'><img decoding=\"async\" src=\"https:\/\/images-na.ssl-images-amazon.com\/images\/P\/1491950358.jpg\" alt=\"\"><\/a><\/div>\n<div><a href='https:\/\/openlibrary.org\/isbn\/3446452079' target='_blank'><img decoding=\"async\" src=\"https:\/\/images-na.ssl-images-amazon.com\/images\/P\/3446452079.jpg\" alt=\"\"><\/a><\/div>\n<\/div>\n<script defer>jQuery(document).ready(function($){ $('.bookshelf-125').slick({arrows: false, autoplay: true, pauseOnHover: false, respondTo: \"slider\", responsive: [{\r\nbreakpoint: 1025,\r\n\tsettings: {\r\n\t\tslidesToShow: 6,\r\n\t\tslidesToScroll: 1\r\n\t}\r\n},\r\n{\r\nbreakpoint: 769,\r\n\tsettings: {\r\n\t\tslidesToShow: 4,\r\n\t\tslidesToScroll: 1\r\n\t}\r\n},\r\n{\r\nbreakpoint: 481,\r\n\tsettings: {\r\n\t\tslidesToShow: 2,\r\n\t\tslidesToScroll: 2\r\n\t}\r\n} ], rows: 2, slidesToShow: 4, swipeToSlide: true}); });<\/script>\n","protected":false},"excerpt":{"rendered":"<p>Zu jedem erdenklichem Thema gibt es Unmengen an Fachliteratur. Dabei ist nicht immer gleich zu erkennen f\u00fcr welche Zielgruppe ein Buch erdacht wurde. Einsteiger k\u00f6nnen schnell \u00fcberfordert sein oder erfahrene Entwickler unterfordert, da ihnen kaum etwas neues geboten wird. Letzten Endes muss jeder f\u00fcr sich entscheiden, welches Buch Ihm zusagt.&nbsp; Hier m\u00f6chte ich meine pers\u00f6nliche [&hellip;]<\/p>\n","protected":false},"author":1,"featured_media":0,"parent":0,"menu_order":0,"comment_status":"closed","ping_status":"closed","template":"","meta":{"ngg_post_thumbnail":0,"footnotes":""},"class_list":["post-135","page","type-page","status-publish","hentry"],"_links":{"self":[{"href":"http:\/\/www.yves-ostwald.de\/blog\/wp-json\/wp\/v2\/pages\/135","targetHints":{"allow":["GET"]}}],"collection":[{"href":"http:\/\/www.yves-ostwald.de\/blog\/wp-json\/wp\/v2\/pages"}],"about":[{"href":"http:\/\/www.yves-ostwald.de\/blog\/wp-json\/wp\/v2\/types\/page"}],"author":[{"embeddable":true,"href":"http:\/\/www.yves-ostwald.de\/blog\/wp-json\/wp\/v2\/users\/1"}],"replies":[{"embeddable":true,"href":"http:\/\/www.yves-ostwald.de\/blog\/wp-json\/wp\/v2\/comments?post=135"}],"version-history":[{"count":5,"href":"http:\/\/www.yves-ostwald.de\/blog\/wp-json\/wp\/v2\/pages\/135\/revisions"}],"predecessor-version":[{"id":192,"href":"http:\/\/www.yves-ostwald.de\/blog\/wp-json\/wp\/v2\/pages\/135\/revisions\/192"}],"wp:attachment":[{"href":"http:\/\/www.yves-ostwald.de\/blog\/wp-json\/wp\/v2\/media?parent=135"}],"curies":[{"name":"wp","href":"https:\/\/api.w.org\/{rel}","templated":true}]}}